{"id":53,"date":"2023-09-06T07:48:35","date_gmt":"2023-09-06T07:48:35","guid":{"rendered":"https:\/\/kmg.ee\/katenditood-uus?page_id=53"},"modified":"2024-05-03T12:23:24","modified_gmt":"2024-05-03T12:23:24","slug":"teenused","status":"publish","type":"page","link":"https:\/\/kmg.ee\/katenditood\/teenused\/","title":{"rendered":"Teenused"},"content":{"rendered":"<div class=\"ama-block block-txtmedia has-text-align-left\"><div class=\"block-txtmedia__content\" data-animate=\"T_FADE_RIGHT\"><div class=\"acf-innerblocks-container\">\n\n<h2 class=\"wp-block-heading wp-el\">Asfaltbetoonsegud<\/h2>\n\n\n\n<p class=\"wp-el\">Asfaltkate on teedele, t\u00e4navatele, parklatele ja mujale teekatteks \u00f5ige valik, kui klient eeldab kattelt sobivat ehitusmaksumust, piisavat kandev\u00f5imet, vastupidavust ja kerget hooldatavust.<br>Kogenud teedeehitusettev\u00f5ttena oskame klienti n\u00f5ustada, kuidas leida soodsaima hinnaga kliendi soove ja ootusi rahuldav lahendus.<\/p>\n\n\n\n<div class=\"wp-block-buttons is-layout-flex wp-block-buttons-is-layout-flex\">\n<div class=\"wp-block-button\"><a class=\"wp-block-button__link wp-element-button\" href=\"https:\/\/kmg.ee\/katenditood\/teenused\/asfalt\/\">Loe l\u00e4hemalt<\/a><\/div>\n<\/div>\n\n<\/div><\/div><div class=\"block-txtmedia__media\" data-animate=\"T_FADE_LEFT\"><div class=\"splide\" data-splide={\"type\":\"fade\",\"pagination\":false}><div class=\"splide__track\"><ul class=\"splide__list\"><li class=\"splide__slide\"><a href=\"https:\/\/kmg.ee\/katenditood\/wp-content\/uploads\/2023\/09\/Esilehe-banner-voi-asfaldipaigaldus-valik-3-1200x799.jpg\" data-fancybox=\"txtmedia-block_6634d73ab08e5\"><img decoding=\"async\" width=\"570\" height=\"380\" src=\"https:\/\/kmg.ee\/katenditood\/wp-content\/uploads\/2023\/09\/Esilehe-banner-voi-asfaldipaigaldus-valik-3-570x380.jpg\" class=\"attachment-img-570x380 size-img-570x380\" alt=\"asfalt\" srcset=\"https:\/\/kmg.ee\/katenditood\/wp-content\/uploads\/2023\/09\/Esilehe-banner-voi-asfaldipaigaldus-valik-3-570x380.jpg 570w, https:\/\/kmg.ee\/katenditood\/wp-content\/uploads\/2023\/09\/Esilehe-banner-voi-asfaldipaigaldus-valik-3-1200x799.jpg 1200w, https:\/\/kmg.ee\/katenditood\/wp-content\/uploads\/2023\/09\/Esilehe-banner-voi-asfaldipaigaldus-valik-3-270x180.jpg 270w, https:\/\/kmg.ee\/katenditood\/wp-content\/uploads\/2023\/09\/Esilehe-banner-voi-asfaldipaigaldus-valik-3-100x67.jpg 100w\" sizes=\"(max-width: 570px) 100vw, 570px\" \/><\/a><\/li><\/ul><\/div><div class=\"splide__arrows hide-arrows\"><button class=\"splide__arrow splide__arrow--prev\"><svg xmlns=\"http:\/\/www.w3.org\/2000\/svg\" width=\"20\" height=\"16\" viewBox=\"0 0 20 16\"><path d=\"M8269.068-578.337a1.118,1.118,0,0,0,0-1.614l-5.052-4.906h14.808A1.159,1.159,0,0,0,8280-586a1.161,1.161,0,0,0-1.176-1.142h-14.8l5.048-4.9a1.123,1.123,0,0,0,0-1.618,1.2,1.2,0,0,0-1.663,0l-7.061,6.859A1.122,1.122,0,0,0,8260-586a1.119,1.119,0,0,0,.345.807l7.061,6.856a1.185,1.185,0,0,0,.834.337A1.185,1.185,0,0,0,8269.068-578.337Z\" transform=\"translate(-8260 594)\" fill=\"currentColor\"\/><\/svg><\/button><button class=\"splide__arrow splide__arrow--next\"><svg xmlns=\"http:\/\/www.w3.org\/2000\/svg\" width=\"20\" height=\"16\" viewBox=\"0 0 20 16\"><path d=\"M8270.932-578.337a1.118,1.118,0,0,1,0-1.614l5.052-4.906h-14.808A1.159,1.159,0,0,1,8260-586a1.161,1.161,0,0,1,1.176-1.142h14.8l-5.048-4.9a1.123,1.123,0,0,1,0-1.618,1.2,1.2,0,0,1,1.663,0l7.061,6.859A1.122,1.122,0,0,1,8280-586a1.119,1.119,0,0,1-.345.807l-7.061,6.856a1.185,1.185,0,0,1-.834.337A1.185,1.185,0,0,1,8270.932-578.337Z\" transform=\"translate(-8260 594)\" fill=\"currentColor\"\/><\/svg><\/button><\/div><\/div><\/div><\/div>\n\n<div class=\"ama-block block-txtmedia has-text-align-left reverse-order\"><div class=\"block-txtmedia__content\" data-animate=\"T_FADE_LEFT\"><div class=\"acf-innerblocks-container\">\n\n<h2 class=\"wp-block-heading wp-el\">Freesimis- ja stabiliseerimist\u00f6\u00f6d<\/h2>\n\n\n\n<p class=\"wp-el\">Asfaltkatte uuendamisel on \u00f5ige ja kuluefektiivne lahendus asfaldi k\u00fclmfreesimine.<br>Freesimist kasutatakse asfaltkatte defektide tasandamiseks ehk tasandusfreesimine v\u00f5i erineva s\u00fcgavusega asfaltkihtide eemaldamiseks kuni asfaltkihi t\u00e4ielikuks eemaldamiseks ehk s\u00fcvafreesimine.<\/p>\n\n\n\n<div class=\"wp-block-buttons is-layout-flex wp-block-buttons-is-layout-flex\">\n<div class=\"wp-block-button\"><a class=\"wp-block-button__link wp-element-button\" href=\"https:\/\/kmg.ee\/katenditood\/teenused\/pindamine\/\">Loe l\u00e4hemalt<\/a><\/div>\n<\/div>\n\n<\/div><\/div><div class=\"block-txtmedia__media\" data-animate=\"T_FADE_RIGHT\"><div class=\"splide\" data-splide={\"type\":\"fade\",\"pagination\":false}><div class=\"splide__track\"><ul class=\"splide__list\"><li class=\"splide__slide\"><a href=\"https:\/\/kmg.ee\/katenditood\/wp-content\/uploads\/2023\/09\/Frees-KMG-OU-1200x800.jpg\" data-fancybox=\"txtmedia-block_6634d73ab0903\"><img decoding=\"async\" width=\"570\" height=\"380\" src=\"https:\/\/kmg.ee\/katenditood\/wp-content\/uploads\/2023\/09\/Frees-KMG-OU-570x380.jpg\" class=\"attachment-img-570x380 size-img-570x380\" alt=\"\" srcset=\"https:\/\/kmg.ee\/katenditood\/wp-content\/uploads\/2023\/09\/Frees-KMG-OU-570x380.jpg 570w, https:\/\/kmg.ee\/katenditood\/wp-content\/uploads\/2023\/09\/Frees-KMG-OU-1200x800.jpg 1200w, https:\/\/kmg.ee\/katenditood\/wp-content\/uploads\/2023\/09\/Frees-KMG-OU-270x180.jpg 270w, https:\/\/kmg.ee\/katenditood\/wp-content\/uploads\/2023\/09\/Frees-KMG-OU-100x67.jpg 100w, https:\/\/kmg.ee\/katenditood\/wp-content\/uploads\/2023\/09\/Frees-KMG-OU.jpg 2048w\" sizes=\"(max-width: 570px) 100vw, 570px\" \/><\/a><\/li><\/ul><\/div><div class=\"splide__arrows hide-arrows\"><button class=\"splide__arrow splide__arrow--prev\"><svg xmlns=\"http:\/\/www.w3.org\/2000\/svg\" width=\"20\" height=\"16\" viewBox=\"0 0 20 16\"><path d=\"M8269.068-578.337a1.118,1.118,0,0,0,0-1.614l-5.052-4.906h14.808A1.159,1.159,0,0,0,8280-586a1.161,1.161,0,0,0-1.176-1.142h-14.8l5.048-4.9a1.123,1.123,0,0,0,0-1.618,1.2,1.2,0,0,0-1.663,0l-7.061,6.859A1.122,1.122,0,0,0,8260-586a1.119,1.119,0,0,0,.345.807l7.061,6.856a1.185,1.185,0,0,0,.834.337A1.185,1.185,0,0,0,8269.068-578.337Z\" transform=\"translate(-8260 594)\" fill=\"currentColor\"\/><\/svg><\/button><button class=\"splide__arrow splide__arrow--next\"><svg xmlns=\"http:\/\/www.w3.org\/2000\/svg\" width=\"20\" height=\"16\" viewBox=\"0 0 20 16\"><path d=\"M8270.932-578.337a1.118,1.118,0,0,1,0-1.614l5.052-4.906h-14.808A1.159,1.159,0,0,1,8260-586a1.161,1.161,0,0,1,1.176-1.142h14.8l-5.048-4.9a1.123,1.123,0,0,1,0-1.618,1.2,1.2,0,0,1,1.663,0l7.061,6.859A1.122,1.122,0,0,1,8280-586a1.119,1.119,0,0,1-.345.807l-7.061,6.856a1.185,1.185,0,0,1-.834.337A1.185,1.185,0,0,1,8270.932-578.337Z\" transform=\"translate(-8260 594)\" fill=\"currentColor\"\/><\/svg><\/button><\/div><\/div><\/div><\/div>\n\n<div class=\"ama-block block-txtmedia has-text-align-left reverse-order\"><div class=\"block-txtmedia__content\" data-animate=\"T_FADE_LEFT\"><div class=\"acf-innerblocks-container\">\n\n<h2 class=\"wp-block-heading wp-el\">Karj\u00e4\u00e4rid<\/h2>\n\n\n\n<p class=\"wp-el\">KMG kaevandab maavara erinevates karj\u00e4\u00e4rides Harjumaal, Ida-Virumaal, L\u00e4\u00e4ne-Virumaal, P\u00e4rnumaal ja Tartumaal.<\/p>\n\n\n\n<div class=\"wp-block-buttons is-layout-flex wp-block-buttons-is-layout-flex\">\n<div class=\"wp-block-button\"><a class=\"wp-block-button__link wp-element-button\" href=\"https:\/\/kmg.ee\/katenditood\/teenused\/karjaarid\/\">Loe l\u00e4hemalt<\/a><\/div>\n<\/div>\n\n<\/div><\/div><div class=\"block-txtmedia__media\" data-animate=\"T_FADE_RIGHT\"><div class=\"splide\" data-splide={\"type\":\"fade\",\"pagination\":false}><div class=\"splide__track\"><ul class=\"splide__list\"><li class=\"splide__slide\"><a href=\"https:\/\/kmg.ee\/katenditood\/wp-content\/uploads\/2023\/09\/Karjaarid-valik-3-1200x900.jpeg\" data-fancybox=\"txtmedia-block_6634d73ab0916\"><img decoding=\"async\" width=\"570\" height=\"380\" src=\"https:\/\/kmg.ee\/katenditood\/wp-content\/uploads\/2023\/09\/Karjaarid-valik-3-570x380.jpeg\" class=\"attachment-img-570x380 size-img-570x380\" alt=\"\" srcset=\"https:\/\/kmg.ee\/katenditood\/wp-content\/uploads\/2023\/09\/Karjaarid-valik-3-570x380.jpeg 570w, https:\/\/kmg.ee\/katenditood\/wp-content\/uploads\/2023\/09\/Karjaarid-valik-3-270x180.jpeg 270w\" sizes=\"(max-width: 570px) 100vw, 570px\" \/><\/a><\/li><\/ul><\/div><div class=\"splide__arrows hide-arrows\"><button class=\"splide__arrow splide__arrow--prev\"><svg xmlns=\"http:\/\/www.w3.org\/2000\/svg\" width=\"20\" height=\"16\" viewBox=\"0 0 20 16\"><path d=\"M8269.068-578.337a1.118,1.118,0,0,0,0-1.614l-5.052-4.906h14.808A1.159,1.159,0,0,0,8280-586a1.161,1.161,0,0,0-1.176-1.142h-14.8l5.048-4.9a1.123,1.123,0,0,0,0-1.618,1.2,1.2,0,0,0-1.663,0l-7.061,6.859A1.122,1.122,0,0,0,8260-586a1.119,1.119,0,0,0,.345.807l7.061,6.856a1.185,1.185,0,0,0,.834.337A1.185,1.185,0,0,0,8269.068-578.337Z\" transform=\"translate(-8260 594)\" fill=\"currentColor\"\/><\/svg><\/button><button class=\"splide__arrow splide__arrow--next\"><svg xmlns=\"http:\/\/www.w3.org\/2000\/svg\" width=\"20\" height=\"16\" viewBox=\"0 0 20 16\"><path d=\"M8270.932-578.337a1.118,1.118,0,0,1,0-1.614l5.052-4.906h-14.808A1.159,1.159,0,0,1,8260-586a1.161,1.161,0,0,1,1.176-1.142h14.8l-5.048-4.9a1.123,1.123,0,0,1,0-1.618,1.2,1.2,0,0,1,1.663,0l7.061,6.859A1.122,1.122,0,0,1,8280-586a1.119,1.119,0,0,1-.345.807l-7.061,6.856a1.185,1.185,0,0,1-.834.337A1.185,1.185,0,0,1,8270.932-578.337Z\" transform=\"translate(-8260 594)\" fill=\"currentColor\"\/><\/svg><\/button><\/div><\/div><\/div><\/div>\n\n<div class=\"ama-block block-txtmedia has-text-align-left reverse-order\"><div class=\"block-txtmedia__content\" data-animate=\"T_FADE_LEFT\"><div class=\"acf-innerblocks-container\">\n\n<h2 class=\"wp-block-heading wp-el\">Laboratoorsed katsetused<\/h2>\n\n\n\n<p class=\"wp-el\">KMG O\u00dc teostab teedeehitus materjalide laboratoorseid katsetusi. Pakume oma klientidele kiiret ja professionaalset teenust. Meil on pikaajaline laboratoorsete katsete teostamise kogemus.<\/p>\n\n\n\n<div class=\"wp-block-buttons is-layout-flex wp-block-buttons-is-layout-flex\">\n<div class=\"wp-block-button\"><a class=\"wp-block-button__link wp-element-button\" href=\"https:\/\/kmg.ee\/katenditood\/teenused\/labor\/\">Loe l\u00e4hemalt<\/a><\/div>\n<\/div>\n\n<\/div><\/div><div class=\"block-txtmedia__media\" data-animate=\"T_FADE_RIGHT\"><div class=\"splide\" data-splide={\"type\":\"fade\",\"pagination\":false}><div class=\"splide__track\"><ul class=\"splide__list\"><li class=\"splide__slide\"><a href=\"https:\/\/kmg.ee\/katenditood\/wp-content\/uploads\/2023\/09\/kmgfb-1200x799.jpeg\" data-fancybox=\"txtmedia-block_6634d73ab0928\"><img decoding=\"async\" width=\"570\" height=\"380\" src=\"https:\/\/kmg.ee\/katenditood\/wp-content\/uploads\/2023\/09\/kmgfb-570x380.jpeg\" class=\"attachment-img-570x380 size-img-570x380\" alt=\"\" srcset=\"https:\/\/kmg.ee\/katenditood\/wp-content\/uploads\/2023\/09\/kmgfb-570x380.jpeg 570w, https:\/\/kmg.ee\/katenditood\/wp-content\/uploads\/2023\/09\/kmgfb-1200x799.jpeg 1200w, https:\/\/kmg.ee\/katenditood\/wp-content\/uploads\/2023\/09\/kmgfb-270x180.jpeg 270w, https:\/\/kmg.ee\/katenditood\/wp-content\/uploads\/2023\/09\/kmgfb-100x67.jpeg 100w, https:\/\/kmg.ee\/katenditood\/wp-content\/uploads\/2023\/09\/kmgfb.jpeg 2048w\" sizes=\"(max-width: 570px) 100vw, 570px\" \/><\/a><\/li><\/ul><\/div><div class=\"splide__arrows hide-arrows\"><button class=\"splide__arrow splide__arrow--prev\"><svg xmlns=\"http:\/\/www.w3.org\/2000\/svg\" width=\"20\" height=\"16\" viewBox=\"0 0 20 16\"><path d=\"M8269.068-578.337a1.118,1.118,0,0,0,0-1.614l-5.052-4.906h14.808A1.159,1.159,0,0,0,8280-586a1.161,1.161,0,0,0-1.176-1.142h-14.8l5.048-4.9a1.123,1.123,0,0,0,0-1.618,1.2,1.2,0,0,0-1.663,0l-7.061,6.859A1.122,1.122,0,0,0,8260-586a1.119,1.119,0,0,0,.345.807l7.061,6.856a1.185,1.185,0,0,0,.834.337A1.185,1.185,0,0,0,8269.068-578.337Z\" transform=\"translate(-8260 594)\" fill=\"currentColor\"\/><\/svg><\/button><button class=\"splide__arrow splide__arrow--next\"><svg xmlns=\"http:\/\/www.w3.org\/2000\/svg\" width=\"20\" height=\"16\" viewBox=\"0 0 20 16\"><path d=\"M8270.932-578.337a1.118,1.118,0,0,1,0-1.614l5.052-4.906h-14.808A1.159,1.159,0,0,1,8260-586a1.161,1.161,0,0,1,1.176-1.142h14.8l-5.048-4.9a1.123,1.123,0,0,1,0-1.618,1.2,1.2,0,0,1,1.663,0l7.061,6.859A1.122,1.122,0,0,1,8280-586a1.119,1.119,0,0,1-.345.807l-7.061,6.856a1.185,1.185,0,0,1-.834.337A1.185,1.185,0,0,1,8270.932-578.337Z\" transform=\"translate(-8260 594)\" fill=\"currentColor\"\/><\/svg><\/button><\/div><\/div><\/div><\/div>\n\n<div class=\"ama-block block-txtmedia has-text-align-left reverse-order\"><div class=\"block-txtmedia__content\" data-animate=\"T_FADE_LEFT\"><div class=\"acf-innerblocks-container\">\n\n<h2 class=\"wp-block-heading wp-el\">Bituumenemulsioonid<\/h2>\n\n\n\n<p class=\"wp-el\">Bituumenemulsioonid on spetsiaalsed bituumeni ja vee segud, mida kasutatakse mitmesugustel ehitusprojektidel asfaldi kruntimiseks, lappimiseks, mustsegudes ja stabiliseerimisel ning pindamisel. Meilt leiad just sulle sobivad lahendused.<\/p>\n\n\n\n<div class=\"wp-block-buttons is-layout-flex wp-block-buttons-is-layout-flex\">\n<div class=\"wp-block-button\"><a class=\"wp-block-button__link wp-element-button\" href=\"https:\/\/kmg.ee\/katenditood\/teenused\/bituumenemulsioonid\/\">Loe l\u00e4hemalt<\/a><\/div>\n<\/div>\n\n<\/div><\/div><div class=\"block-txtmedia__media\" data-animate=\"T_FADE_RIGHT\"><div class=\"splide\" data-splide={\"type\":\"fade\",\"pagination\":false}><div class=\"splide__track\"><ul class=\"splide__list\"><li class=\"splide__slide\"><a href=\"https:\/\/kmg.ee\/katenditood\/wp-content\/uploads\/2023\/09\/DSC0665-1200x800.jpg\" data-fancybox=\"txtmedia-block_6634d73ab0939\"><img decoding=\"async\" width=\"570\" height=\"380\" src=\"https:\/\/kmg.ee\/katenditood\/wp-content\/uploads\/2023\/09\/DSC0665-570x380.jpg\" class=\"attachment-img-570x380 size-img-570x380\" alt=\"Bituumenemulsioonid\" srcset=\"https:\/\/kmg.ee\/katenditood\/wp-content\/uploads\/2023\/09\/DSC0665-570x380.jpg 570w, https:\/\/kmg.ee\/katenditood\/wp-content\/uploads\/2023\/09\/DSC0665-1200x800.jpg 1200w, https:\/\/kmg.ee\/katenditood\/wp-content\/uploads\/2023\/09\/DSC0665-270x180.jpg 270w, https:\/\/kmg.ee\/katenditood\/wp-content\/uploads\/2023\/09\/DSC0665-100x67.jpg 100w\" sizes=\"(max-width: 570px) 100vw, 570px\" \/><\/a><\/li><\/ul><\/div><div class=\"splide__arrows hide-arrows\"><button class=\"splide__arrow splide__arrow--prev\"><svg xmlns=\"http:\/\/www.w3.org\/2000\/svg\" width=\"20\" height=\"16\" viewBox=\"0 0 20 16\"><path d=\"M8269.068-578.337a1.118,1.118,0,0,0,0-1.614l-5.052-4.906h14.808A1.159,1.159,0,0,0,8280-586a1.161,1.161,0,0,0-1.176-1.142h-14.8l5.048-4.9a1.123,1.123,0,0,0,0-1.618,1.2,1.2,0,0,0-1.663,0l-7.061,6.859A1.122,1.122,0,0,0,8260-586a1.119,1.119,0,0,0,.345.807l7.061,6.856a1.185,1.185,0,0,0,.834.337A1.185,1.185,0,0,0,8269.068-578.337Z\" transform=\"translate(-8260 594)\" fill=\"currentColor\"\/><\/svg><\/button><button class=\"splide__arrow splide__arrow--next\"><svg xmlns=\"http:\/\/www.w3.org\/2000\/svg\" width=\"20\" height=\"16\" viewBox=\"0 0 20 16\"><path d=\"M8270.932-578.337a1.118,1.118,0,0,1,0-1.614l5.052-4.906h-14.808A1.159,1.159,0,0,1,8260-586a1.161,1.161,0,0,1,1.176-1.142h14.8l-5.048-4.9a1.123,1.123,0,0,1,0-1.618,1.2,1.2,0,0,1,1.663,0l7.061,6.859A1.122,1.122,0,0,1,8280-586a1.119,1.119,0,0,1-.345.807l-7.061,6.856a1.185,1.185,0,0,1-.834.337A1.185,1.185,0,0,1,8270.932-578.337Z\" transform=\"translate(-8260 594)\" fill=\"currentColor\"\/><\/svg><\/button><\/div><\/div><\/div><\/div>","protected":false},"excerpt":{"rendered":"","protected":false},"author":1,"featured_media":0,"parent":0,"menu_order":10,"comment_status":"closed","ping_status":"closed","template":"","meta":{"_acf_changed":false,"inline_featured_image":false,"footnotes":""},"class_list":["post-53","page","type-page","status-publish","hentry"],"acf":[],"_links":{"self":[{"href":"https:\/\/kmg.ee\/katenditood\/wp-json\/wp\/v2\/pages\/53","targetHints":{"allow":["GET"]}}],"collection":[{"href":"https:\/\/kmg.ee\/katenditood\/wp-json\/wp\/v2\/pages"}],"about":[{"href":"https:\/\/kmg.ee\/katenditood\/wp-json\/wp\/v2\/types\/page"}],"author":[{"embeddable":true,"href":"https:\/\/kmg.ee\/katenditood\/wp-json\/wp\/v2\/users\/1"}],"replies":[{"embeddable":true,"href":"https:\/\/kmg.ee\/katenditood\/wp-json\/wp\/v2\/comments?post=53"}],"version-history":[{"count":24,"href":"https:\/\/kmg.ee\/katenditood\/wp-json\/wp\/v2\/pages\/53\/revisions"}],"predecessor-version":[{"id":667,"href":"https:\/\/kmg.ee\/katenditood\/wp-json\/wp\/v2\/pages\/53\/revisions\/667"}],"wp:attachment":[{"href":"https:\/\/kmg.ee\/katenditood\/wp-json\/wp\/v2\/media?parent=53"}],"curies":[{"name":"wp","href":"https:\/\/api.w.org\/{rel}","templated":true}]}}