{"id":37,"date":"2023-09-06T07:12:36","date_gmt":"2023-09-06T07:12:36","guid":{"rendered":"https:\/\/kmg.ee\/katenditood-uus?page_id=37"},"modified":"2024-11-12T13:20:21","modified_gmt":"2024-11-12T13:20:21","slug":"avaleht","status":"publish","type":"page","link":"https:\/\/kmg.ee\/katenditood\/","title":{"rendered":"Avaleht"},"content":{"rendered":"<div class=\"ama-block block-icon-links alignmax\"><div class=\"splide block__body\" data-splide={\"gap\":\"var(--ama-gutter-double-x)\",\"perPage\":6,\"breakpoints\":{\"419\":{\"perPage\":1},\"568\":{\"perPage\":2},\"768\":{\"perPage\":3},\"992\":{\"perPage\":4},\"1199\":{\"perPage\":5}},\"pagination\":false}><div class=\"splide__track\"><ul class=\"splide__list\"><li class=\"splide__slide\"><a href=\"https:\/\/kmg.ee\/katenditood\/teenused\/asfalt\/\" class=\"d-flex flex-wrap align-items-center justify-content-center position-relative h-100 text-center\"><span class=\"ama-mask\" style=\"mask-image: url(https:\/\/kmg.ee\/katenditood\/wp-content\/uploads\/2023\/09\/icon-machine1.svg); -webkit-mask-image: url(https:\/\/kmg.ee\/katenditood\/wp-content\/uploads\/2023\/09\/icon-machine1.svg);\"><\/span><span class=\"d-block w-100\">Asfalt<\/span><\/a><\/li><li class=\"splide__slide\"><a href=\"https:\/\/kmg.ee\/katenditood\/teenused\/freesimis-ja-stabiliseerimistood\/\" class=\"d-flex flex-wrap align-items-center justify-content-center position-relative h-100 text-center\"><span class=\"ama-mask\" style=\"mask-image: url(https:\/\/kmg.ee\/katenditood\/wp-content\/uploads\/2023\/09\/icon-road.svg); -webkit-mask-image: url(https:\/\/kmg.ee\/katenditood\/wp-content\/uploads\/2023\/09\/icon-road.svg);\"><\/span><span class=\"d-block w-100\">Stabi ja frees<\/span><\/a><\/li><li class=\"splide__slide\"><a href=\"https:\/\/kmg.ee\/katenditood\/teenused\/karjaarid\/\" class=\"d-flex flex-wrap align-items-center justify-content-center position-relative h-100 text-center\"><span class=\"ama-mask\" style=\"mask-image: url(https:\/\/kmg.ee\/katenditood\/wp-content\/uploads\/2023\/09\/icon-ground.svg); -webkit-mask-image: url(https:\/\/kmg.ee\/katenditood\/wp-content\/uploads\/2023\/09\/icon-ground.svg);\"><\/span><span class=\"d-block w-100\">Karj\u00e4\u00e4rid<\/span><\/a><\/li><li class=\"splide__slide\"><a href=\"https:\/\/kmg.ee\/katenditood\/teenused\/bituumenemulsioonid\/\" class=\"d-flex flex-wrap align-items-center justify-content-center position-relative h-100 text-center\"><span class=\"ama-mask\" style=\"mask-image: url(https:\/\/kmg.ee\/katenditood\/wp-content\/uploads\/2023\/09\/icon-road.svg); -webkit-mask-image: url(https:\/\/kmg.ee\/katenditood\/wp-content\/uploads\/2023\/09\/icon-road.svg);\"><\/span><span class=\"d-block w-100\">Bitemulsioonid<\/span><\/a><\/li><li class=\"splide__slide\"><a href=\"https:\/\/kmg.ee\/katenditood\/teenused\/labor\/\" class=\"d-flex flex-wrap align-items-center justify-content-center position-relative h-100 text-center\"><span class=\"ama-mask\" style=\"mask-image: url(https:\/\/kmg.ee\/katenditood\/wp-content\/uploads\/2023\/09\/icon-lab-1.svg); -webkit-mask-image: url(https:\/\/kmg.ee\/katenditood\/wp-content\/uploads\/2023\/09\/icon-lab-1.svg);\"><\/span><span class=\"d-block w-100\">Labor<\/span><\/a><\/li><\/ul><\/div><div class=\"splide__arrows\"><button class=\"splide__arrow splide__arrow--prev\"><svg xmlns=\"http:\/\/www.w3.org\/2000\/svg\" width=\"20\" height=\"16\" viewBox=\"0 0 20 16\"><path d=\"M8269.068-578.337a1.118,1.118,0,0,0,0-1.614l-5.052-4.906h14.808A1.159,1.159,0,0,0,8280-586a1.161,1.161,0,0,0-1.176-1.142h-14.8l5.048-4.9a1.123,1.123,0,0,0,0-1.618,1.2,1.2,0,0,0-1.663,0l-7.061,6.859A1.122,1.122,0,0,0,8260-586a1.119,1.119,0,0,0,.345.807l7.061,6.856a1.185,1.185,0,0,0,.834.337A1.185,1.185,0,0,0,8269.068-578.337Z\" transform=\"translate(-8260 594)\" fill=\"currentColor\"\/><\/svg><\/button><button class=\"splide__arrow splide__arrow--next\"><svg xmlns=\"http:\/\/www.w3.org\/2000\/svg\" width=\"20\" height=\"16\" viewBox=\"0 0 20 16\"><path d=\"M8270.932-578.337a1.118,1.118,0,0,1,0-1.614l5.052-4.906h-14.808A1.159,1.159,0,0,1,8260-586a1.161,1.161,0,0,1,1.176-1.142h14.8l-5.048-4.9a1.123,1.123,0,0,1,0-1.618,1.2,1.2,0,0,1,1.663,0l7.061,6.859A1.122,1.122,0,0,1,8280-586a1.119,1.119,0,0,1-.345.807l-7.061,6.856a1.185,1.185,0,0,1-.834.337A1.185,1.185,0,0,1,8270.932-578.337Z\" transform=\"translate(-8260 594)\" fill=\"currentColor\"\/><\/svg><\/button><\/div><\/div><\/div>\n\n<div class=\"ama-block block-txtmedia has-text-align-left\"><div class=\"block-txtmedia__content\" data-animate=\"T_FADE_RIGHT\"><div class=\"acf-innerblocks-container\">\n\n<h2 class=\"wp-block-heading wp-el\">KMG O\u00dc on \u00fcks juhtivatest teedeehituse ettev\u00f5tetest, kellel on t\u00e4naseks enam kui 30-aastane t\u00f6\u00f6kogemus.<\/h2>\n\n\n\n<div class=\"wp-block-button is-style-readmore\"><a class=\"wp-block-button__link wp-element-button\" href=\"https:\/\/kmg.ee\/katenditood\/kontakt\/\">Loe rohkem<\/a><\/div>\n\n\n\n<p class=\"wp-el\">Omame asfaltbetooni tehaseid ja karj\u00e4\u00e4re Eesti erinevais piirkondades.<\/p>\n\n<\/div><\/div><div class=\"block-txtmedia__media\" data-animate=\"T_FADE_LEFT\"><div class=\"splide\" data-splide={\"type\":\"fade\",\"pagination\":false}><div class=\"splide__track\"><ul class=\"splide__list\"><li class=\"splide__slide\"><a href=\"https:\/\/kmg.ee\/katenditood\/wp-content\/uploads\/2023\/09\/DJI_0062-20-1200x825.jpg\" data-fancybox=\"txtmedia-block_67335613ec17d\"><img decoding=\"async\" width=\"570\" height=\"380\" src=\"https:\/\/kmg.ee\/katenditood\/wp-content\/uploads\/2023\/09\/DJI_0062-20-570x380.jpg\" class=\"attachment-img-570x380 size-img-570x380\" alt=\"teedeehitus\" srcset=\"https:\/\/kmg.ee\/katenditood\/wp-content\/uploads\/2023\/09\/DJI_0062-20-570x380.jpg 570w, https:\/\/kmg.ee\/katenditood\/wp-content\/uploads\/2023\/09\/DJI_0062-20-270x180.jpg 270w\" sizes=\"(max-width: 570px) 100vw, 570px\" \/><\/a><\/li><\/ul><\/div><div class=\"splide__arrows hide-arrows\"><button class=\"splide__arrow splide__arrow--prev\"><svg xmlns=\"http:\/\/www.w3.org\/2000\/svg\" width=\"20\" height=\"16\" viewBox=\"0 0 20 16\"><path d=\"M8269.068-578.337a1.118,1.118,0,0,0,0-1.614l-5.052-4.906h14.808A1.159,1.159,0,0,0,8280-586a1.161,1.161,0,0,0-1.176-1.142h-14.8l5.048-4.9a1.123,1.123,0,0,0,0-1.618,1.2,1.2,0,0,0-1.663,0l-7.061,6.859A1.122,1.122,0,0,0,8260-586a1.119,1.119,0,0,0,.345.807l7.061,6.856a1.185,1.185,0,0,0,.834.337A1.185,1.185,0,0,0,8269.068-578.337Z\" transform=\"translate(-8260 594)\" fill=\"currentColor\"\/><\/svg><\/button><button class=\"splide__arrow splide__arrow--next\"><svg xmlns=\"http:\/\/www.w3.org\/2000\/svg\" width=\"20\" height=\"16\" viewBox=\"0 0 20 16\"><path d=\"M8270.932-578.337a1.118,1.118,0,0,1,0-1.614l5.052-4.906h-14.808A1.159,1.159,0,0,1,8260-586a1.161,1.161,0,0,1,1.176-1.142h14.8l-5.048-4.9a1.123,1.123,0,0,1,0-1.618,1.2,1.2,0,0,1,1.663,0l7.061,6.859A1.122,1.122,0,0,1,8280-586a1.119,1.119,0,0,1-.345.807l-7.061,6.856a1.185,1.185,0,0,1-.834.337A1.185,1.185,0,0,1,8270.932-578.337Z\" transform=\"translate(-8260 594)\" fill=\"currentColor\"\/><\/svg><\/button><\/div><\/div><\/div><\/div>\n\n<div class=\"ama-block block-bgcolor has-text-align-left alignmax\"><div class=\"acf-innerblocks-container\">\n<div class=\"ama-block block-txtmedia has-text-align-left\"><div class=\"block-txtmedia__content\" data-animate=\"T_FADE_RIGHT\"><div class=\"acf-innerblocks-container\">\n\n<h2 class=\"wp-block-heading wp-el\">Visioon<\/h2>\n\n\n\n<p class=\"wp-el\">Meie visiooniks on olla teerajajaks taristuehituse kaasaegsete ja tulevikulahenduste teostamisel. Meie soov on viia Eesti infrastruktuuri edasi.<\/p>\n\n\n\n<h2 class=\"wp-block-heading wp-el\">Missioon<\/h2>\n\n\n\n<p class=\"wp-el\">Soovime olla teerajajaks teedeehituse innovaatiliste tulevikulahenduste loomisel. Seejuures p\u00f6\u00f6rab ettev\u00f5tte juhatus olulist t\u00e4helepanu t\u00f6\u00f6tajatele kaasaegse t\u00f6\u00f6keskkonna loomisele ja t\u00f6\u00f6tajate koolitusele.<br>\u00dcks eesm\u00e4rkidest on t\u00f6\u00f6tajate heaolu loomine l\u00e4bi kaasaegse ning riskemaandava t\u00f6\u00f6keskkonna.<\/p>\n\n\n\n<div class=\"wp-block-buttons is-layout-flex wp-block-buttons-is-layout-flex\">\n<div class=\"wp-block-button\"><a class=\"wp-block-button__link has-white-background-color has-background wp-element-button\" href=\"https:\/\/kmg.ee\/katenditood\/kontakt\/\">Meist l\u00e4hemalt<\/a><\/div>\n<\/div>\n\n<\/div><\/div><div class=\"block-txtmedia__media\" data-animate=\"T_FADE_LEFT\"><div class=\"splide\" data-splide={\"type\":\"fade\",\"pagination\":false}><div class=\"splide__track\"><ul class=\"splide__list\"><li class=\"splide__slide\"><a href=\"https:\/\/kmg.ee\/katenditood\/wp-content\/uploads\/2023\/09\/DJI_0092-34-1200x825.jpg\" data-fancybox=\"txtmedia-block_67335613ec1b0\"><img decoding=\"async\" width=\"570\" height=\"380\" src=\"https:\/\/kmg.ee\/katenditood\/wp-content\/uploads\/2023\/09\/DJI_0092-34-570x380.jpg\" class=\"attachment-img-570x380 size-img-570x380\" alt=\"KMG O\u00dc\" srcset=\"https:\/\/kmg.ee\/katenditood\/wp-content\/uploads\/2023\/09\/DJI_0092-34-570x380.jpg 570w, https:\/\/kmg.ee\/katenditood\/wp-content\/uploads\/2023\/09\/DJI_0092-34-270x180.jpg 270w\" sizes=\"(max-width: 570px) 100vw, 570px\" \/><\/a><\/li><\/ul><\/div><div class=\"splide__arrows hide-arrows\"><button class=\"splide__arrow splide__arrow--prev\"><svg xmlns=\"http:\/\/www.w3.org\/2000\/svg\" width=\"20\" height=\"16\" viewBox=\"0 0 20 16\"><path d=\"M8269.068-578.337a1.118,1.118,0,0,0,0-1.614l-5.052-4.906h14.808A1.159,1.159,0,0,0,8280-586a1.161,1.161,0,0,0-1.176-1.142h-14.8l5.048-4.9a1.123,1.123,0,0,0,0-1.618,1.2,1.2,0,0,0-1.663,0l-7.061,6.859A1.122,1.122,0,0,0,8260-586a1.119,1.119,0,0,0,.345.807l7.061,6.856a1.185,1.185,0,0,0,.834.337A1.185,1.185,0,0,0,8269.068-578.337Z\" transform=\"translate(-8260 594)\" fill=\"currentColor\"\/><\/svg><\/button><button class=\"splide__arrow splide__arrow--next\"><svg xmlns=\"http:\/\/www.w3.org\/2000\/svg\" width=\"20\" height=\"16\" viewBox=\"0 0 20 16\"><path d=\"M8270.932-578.337a1.118,1.118,0,0,1,0-1.614l5.052-4.906h-14.808A1.159,1.159,0,0,1,8260-586a1.161,1.161,0,0,1,1.176-1.142h14.8l-5.048-4.9a1.123,1.123,0,0,1,0-1.618,1.2,1.2,0,0,1,1.663,0l7.061,6.859A1.122,1.122,0,0,1,8280-586a1.119,1.119,0,0,1-.345.807l-7.061,6.856a1.185,1.185,0,0,1-.834.337A1.185,1.185,0,0,1,8270.932-578.337Z\" transform=\"translate(-8260 594)\" fill=\"currentColor\"\/><\/svg><\/button><\/div><\/div><\/div><\/div>\n<\/div><\/div>\n\n<div class=\"ama-block block-posts is-style-default\"><div class=\"block__header d-flex flex-wrap align-items-center\"><h2 class=\"has-giant-font-size fw-normal\">Tehtud t\u00f6\u00f6d<\/h2><div class=\"wp-block-button\"><a href=\"https:\/\/kmg.ee\/katenditood\/references\/\" class=\"wp-block-button__link\">Rohkem objekte<\/a><\/div><\/div><div class=\"block__body\"><div id=\"post-96\" class=\"post-item position-relative h-100\"><a href=\"https:\/\/kmg.ee\/katenditood\/tehtud-tood\/vanasadama-ja-rail-balticu-ulemiste-reisiterminali-uhendava-trammiliini-objektil-asfalteerimine\/\" class=\"post-item__thumb d-block\"><img decoding=\"async\" width=\"370\" height=\"250\" src=\"https:\/\/kmg.ee\/katenditood\/wp-content\/uploads\/2023\/09\/kmgfb-370x250.jpeg\" class=\"attachment-thumbnail size-thumbnail wp-post-image\" alt=\"\" srcset=\"https:\/\/kmg.ee\/katenditood\/wp-content\/uploads\/2023\/09\/kmgfb-370x250.jpeg 370w, https:\/\/kmg.ee\/katenditood\/wp-content\/uploads\/2023\/09\/kmgfb-100x67.jpeg 100w\" sizes=\"(max-width: 370px) 100vw, 370px\" \/><\/a><div class=\"post-item__content\"><p class=\"has-large-font-size fw-bold\"><a href=\"https:\/\/kmg.ee\/katenditood\/tehtud-tood\/vanasadama-ja-rail-balticu-ulemiste-reisiterminali-uhendava-trammiliini-objektil-asfalteerimine\/\">Vanasadama ja Rail Balticu \u00dclemiste reisiterminali \u00fchendava trammiliini objektil asfalteerimine<\/a><\/p><p>Tellija: KMG Infra<br \/>\nT\u00f6\u00f6de tegemise aeg: suvi 2023<br \/>\nJ\u00e4relevalvet teostab: TPJ Insenerib\u00fcroo<\/p>\n<p><a href=\"https:\/\/kmg.ee\/katenditood\/tehtud-tood\/vanasadama-ja-rail-balticu-ulemiste-reisiterminali-uhendava-trammiliini-objektil-asfalteerimine\/\" class=\"rm-link fw-bold\">Vaata l\u00e4hemalt<svg xmlns=\"http:\/\/www.w3.org\/2000\/svg\" width=\"18\" height=\"24\" viewBox=\"0 0 18 24\"><path d=\"M1710.526,4074.692l-11.833,12h6.106l10.1-10.191,1.79-1.779-1.79-1.813-10.1-10.216h-6.106Z\" transform=\"translate(-1698.692 -4062.692)\" fill=\"var(--ama-primary-color)\"\/><\/svg><\/a><\/p><\/div><\/div><div id=\"post-92\" class=\"post-item position-relative h-100\"><a href=\"https:\/\/kmg.ee\/katenditood\/tehtud-tood\/viljandi-mnt-ringteed\/\" class=\"post-item__thumb d-block\"><img decoding=\"async\" width=\"370\" height=\"250\" src=\"https:\/\/kmg.ee\/katenditood\/wp-content\/uploads\/2023\/09\/DJI_0060-370x250.jpg\" class=\"attachment-thumbnail size-thumbnail wp-post-image\" alt=\"markeerimine\" \/><\/a><div class=\"post-item__content\"><p class=\"has-large-font-size fw-bold\"><a href=\"https:\/\/kmg.ee\/katenditood\/tehtud-tood\/viljandi-mnt-ringteed\/\">Viljandi mnt ringteed<\/a><\/p><p>Tellija: Transpordiamet<br \/>\nT\u00f6\u00f6de tegemise periood: 2023 suvi<\/p>\n<p><a href=\"https:\/\/kmg.ee\/katenditood\/tehtud-tood\/viljandi-mnt-ringteed\/\" class=\"rm-link fw-bold\">Vaata l\u00e4hemalt<svg xmlns=\"http:\/\/www.w3.org\/2000\/svg\" width=\"18\" height=\"24\" viewBox=\"0 0 18 24\"><path d=\"M1710.526,4074.692l-11.833,12h6.106l10.1-10.191,1.79-1.779-1.79-1.813-10.1-10.216h-6.106Z\" transform=\"translate(-1698.692 -4062.692)\" fill=\"var(--ama-primary-color)\"\/><\/svg><\/a><\/p><\/div><\/div><div id=\"post-88\" class=\"post-item position-relative h-100\"><a href=\"https:\/\/kmg.ee\/katenditood\/tehtud-tood\/riigitee-nr-49-imavere-viljandi-karksi-nuia-km-53996-58871-asuva-viljandi-loodi-loigu-rekonstrueerimine\/\" class=\"post-item__thumb d-block\"><img decoding=\"async\" width=\"370\" height=\"250\" src=\"https:\/\/kmg.ee\/katenditood\/wp-content\/uploads\/2023\/09\/DSC9476-370x250.jpg\" class=\"attachment-thumbnail size-thumbnail wp-post-image\" alt=\"\" srcset=\"https:\/\/kmg.ee\/katenditood\/wp-content\/uploads\/2023\/09\/DSC9476-370x250.jpg 370w, https:\/\/kmg.ee\/katenditood\/wp-content\/uploads\/2023\/09\/DSC9476-100x67.jpg 100w\" sizes=\"(max-width: 370px) 100vw, 370px\" \/><\/a><div class=\"post-item__content\"><p class=\"has-large-font-size fw-bold\"><a href=\"https:\/\/kmg.ee\/katenditood\/tehtud-tood\/riigitee-nr-49-imavere-viljandi-karksi-nuia-km-53996-58871-asuva-viljandi-loodi-loigu-rekonstrueerimine\/\">Riigitee nr 49 Imavere \u2013 Viljandi \u2013 Karksi-Nuia km 53,996-58,871 asuva Viljandi \u2013 Loodi l\u00f5igu rekonstrueerimine<\/a><\/p><p>Tellija: Transpordiamet<br \/>\nT\u00f6\u00f6de teostamise periood: 01.03.2023-31.10.2023<\/p>\n<p><a href=\"https:\/\/kmg.ee\/katenditood\/tehtud-tood\/riigitee-nr-49-imavere-viljandi-karksi-nuia-km-53996-58871-asuva-viljandi-loodi-loigu-rekonstrueerimine\/\" class=\"rm-link fw-bold\">Vaata l\u00e4hemalt<svg xmlns=\"http:\/\/www.w3.org\/2000\/svg\" width=\"18\" height=\"24\" viewBox=\"0 0 18 24\"><path d=\"M1710.526,4074.692l-11.833,12h6.106l10.1-10.191,1.79-1.779-1.79-1.813-10.1-10.216h-6.106Z\" transform=\"translate(-1698.692 -4062.692)\" fill=\"var(--ama-primary-color)\"\/><\/svg><\/a><\/p><\/div><\/div><\/div><\/div>\n\n","protected":false},"excerpt":{"rendered":"","protected":false},"author":1,"featured_media":0,"parent":0,"menu_order":0,"comment_status":"closed","ping_status":"closed","template":"","meta":{"_acf_changed":false,"inline_featured_image":false,"footnotes":""},"class_list":["post-37","page","type-page","status-publish","hentry"],"acf":[],"_links":{"self":[{"href":"https:\/\/kmg.ee\/katenditood\/wp-json\/wp\/v2\/pages\/37","targetHints":{"allow":["GET"]}}],"collection":[{"href":"https:\/\/kmg.ee\/katenditood\/wp-json\/wp\/v2\/pages"}],"about":[{"href":"https:\/\/kmg.ee\/katenditood\/wp-json\/wp\/v2\/types\/page"}],"author":[{"embeddable":true,"href":"https:\/\/kmg.ee\/katenditood\/wp-json\/wp\/v2\/users\/1"}],"replies":[{"embeddable":true,"href":"https:\/\/kmg.ee\/katenditood\/wp-json\/wp\/v2\/comments?post=37"}],"version-history":[{"count":95,"href":"https:\/\/kmg.ee\/katenditood\/wp-json\/wp\/v2\/pages\/37\/revisions"}],"predecessor-version":[{"id":753,"href":"https:\/\/kmg.ee\/katenditood\/wp-json\/wp\/v2\/pages\/37\/revisions\/753"}],"wp:attachment":[{"href":"https:\/\/kmg.ee\/katenditood\/wp-json\/wp\/v2\/media?parent=37"}],"curies":[{"name":"wp","href":"https:\/\/api.w.org\/{rel}","templated":true}]}}