{"id":361,"date":"2023-09-12T11:29:32","date_gmt":"2023-09-12T11:29:32","guid":{"rendered":"https:\/\/kmg.ee\/katenditood-uus\/?page_id=361"},"modified":"2023-09-12T11:29:33","modified_gmt":"2023-09-12T11:29:33","slug":"arve-info","status":"publish","type":"page","link":"https:\/\/kmg.ee\/katenditood\/arve-info\/","title":{"rendered":"Arve info"},"content":{"rendered":"\n<p class=\"wp-el\">Ettev\u00f5te:&nbsp;<strong>O\u00dc KMG<\/strong><br>Registrikood: 16196755<br>KMKR: EE102356568<br>Aadress: Betooni 28, 13816 Tallinn<br>E-post:&nbsp;<a href=\"mailto:info@kmg.ee\">info@kmg.ee<\/a><br>\u00dcldtelefon: 605 7550<\/p>\n\n\n\n<p class=\"wp-el\">Arvele palume m\u00e4rkida kaupa v\u00f5i teenust ostnud isiku nimi.<br>K\u00f5ik arved esitada pdf-formaadis ja saata aadressile&nbsp;<strong><a href=\"mailto:ostuarved@kmg.ee\">ostuarved@kmg.ee<\/a><\/strong><\/p>\n\n\n\n<p class=\"wp-el\">Kui soovite arvele lisada saatedokumente, tuleb need lisad skaneerida ja salvestada arvega samasse pdf-faili.<\/p>\n","protected":false},"excerpt":{"rendered":"<p>Ettev\u00f5te:&nbsp;O\u00dc KMGRegistrikood: 16196755KMKR: EE102356568Aadress: Betooni 28, 13816 TallinnE-post:&nbsp;info@kmg.ee\u00dcldtelefon: 605 7550 Arvele palume m\u00e4rkida kaupa v\u00f5i teenust ostnud isiku nimi.K\u00f5ik arved&#8230;<\/p>\n","protected":false},"author":1,"featured_media":0,"parent":0,"menu_order":210,"comment_status":"closed","ping_status":"closed","template":"","meta":{"_acf_changed":false,"inline_featured_image":false,"footnotes":""},"class_list":["post-361","page","type-page","status-publish","hentry"],"acf":[],"_links":{"self":[{"href":"https:\/\/kmg.ee\/katenditood\/wp-json\/wp\/v2\/pages\/361","targetHints":{"allow":["GET"]}}],"collection":[{"href":"https:\/\/kmg.ee\/katenditood\/wp-json\/wp\/v2\/pages"}],"about":[{"href":"https:\/\/kmg.ee\/katenditood\/wp-json\/wp\/v2\/types\/page"}],"author":[{"embeddable":true,"href":"https:\/\/kmg.ee\/katenditood\/wp-json\/wp\/v2\/users\/1"}],"replies":[{"embeddable":true,"href":"https:\/\/kmg.ee\/katenditood\/wp-json\/wp\/v2\/comments?post=361"}],"version-history":[{"count":1,"href":"https:\/\/kmg.ee\/katenditood\/wp-json\/wp\/v2\/pages\/361\/revisions"}],"predecessor-version":[{"id":362,"href":"https:\/\/kmg.ee\/katenditood\/wp-json\/wp\/v2\/pages\/361\/revisions\/362"}],"wp:attachment":[{"href":"https:\/\/kmg.ee\/katenditood\/wp-json\/wp\/v2\/media?parent=361"}],"curies":[{"name":"wp","href":"https:\/\/api.w.org\/{rel}","templated":true}]}}