{"id":263,"date":"2023-09-11T08:35:44","date_gmt":"2023-09-11T08:35:44","guid":{"rendered":"https:\/\/kmg.ee\/katenditood-uus\/?page_id=263"},"modified":"2024-11-05T08:39:34","modified_gmt":"2024-11-05T08:39:34","slug":"labor","status":"publish","type":"page","link":"https:\/\/kmg.ee\/katenditood\/teenused\/labor\/","title":{"rendered":"Labor"},"content":{"rendered":"\n<div class=\"wp-block-columns is-layout-flex wp-container-core-columns-is-layout-28f84493 wp-block-columns-is-layout-flex\">\n<div class=\"wp-block-column is-layout-flow wp-block-column-is-layout-flow\" style=\"flex-basis:66.66%\">\n<p class=\"wp-el\">KMG O\u00dc teostab teedeehitus materjalide laboratoorseid katsetusi. Pakume oma klientidele kiiret ja professionaalset teenust. Meil on pikaajaline laboratoorsete katsete teostamise kogemus.<\/p>\n\n\n\n<p class=\"wp-el\">KMG O\u00dc labor omab akrediteerimistunnistust L251.<\/p>\n\n\n\n<p class=\"wp-el\"><strong>Peamised katsetatavad materjalid:<\/strong><\/p>\n\n\n\n<ul class=\"wp-block-list wp-el\">\n<li>Asfaltsegud<\/li>\n\n\n\n<li>T\u00e4itematerjalid<\/li>\n\n\n\n<li>Bituumensideained<\/li>\n<\/ul>\n\n\n\n<p class=\"wp-el\">Proove saab tuua meile esmasp\u00e4evast-reedeni kella 8.00-17.00 aadressil Betoon 28, Tallinn.<\/p>\n\n\n\n<p class=\"wp-el\">Labor asub 2-korruselise silikaattellisest maja paremal k\u00fcljel (pruun uks).<\/p>\n\n\n\n<p class=\"wp-el\">Tellimiskirja saab t\u00e4ita kohapeal v\u00f5i eelnevalt elektroonselt.<\/p>\n\n\n\n<p class=\"wp-el\"><\/p>\n\n\n\n<p class=\"wp-el\">Tellimiskirjal on n\u00e4ha katsete nimekiri ja kas katsetus omab EAK akrediteeringut.<\/p>\n\n\n\n<p class=\"wp-el\"><strong>L\u00e4bi allhanke pakutavad katsetused:<\/strong><\/p>\n\n\n\n<ul class=\"wp-block-list wp-el\">\n<li>T\u00e4itematerjalide k\u00fclmakindluse m\u00e4\u00e4ramine (k\u00fclmakindlus ja k\u00fclmakindlus NaCl lahuses)<\/li>\n\n\n\n<li>T\u00e4itematerjali met\u00fcleensinise m\u00e4\u00e4ramine<\/li>\n\n\n\n<li>T\u00e4itematerjalide laboratoorne purustamine<\/li>\n\n\n\n<li>Asfaltsegu deformatsioonikindlus<\/li>\n\n\n\n<li>Asfaltsegu kulumiskindlus<\/li>\n\n\n\n<li>Karbonaatanal\u00fc\u00fcs<\/li>\n<\/ul>\n\n\n\n<p class=\"wp-el\">Kliendilt saadud informatsioon on konfidentsiaalne ja ei kuulu avaldamisele kolmandale osapoolele, v.a seadusest tulenevatel juhtudel ja Eesti Standardimis- ja  Akrediteerimiskeskusele (EAK).<\/p>\n<\/div>\n\n\n\n<div class=\"wp-block-column is-layout-flow wp-block-column-is-layout-flow\" style=\"flex-basis:33.33%\"><div class=\"ama-block block-person\"><div class=\"block__body\"><div class=\"single-person-item\"><div class=\"single-person-item__thumbnail\"><img decoding=\"async\" width=\"100\" height=\"100\" src=\"https:\/\/kmg.ee\/katenditood\/wp-content\/uploads\/2023\/09\/person-nothumb-100x100.png\" class=\"attachment-img-person size-img-person\" alt=\"\" srcset=\"https:\/\/kmg.ee\/katenditood\/wp-content\/uploads\/2023\/09\/person-nothumb-100x100.png 100w, https:\/\/kmg.ee\/katenditood\/wp-content\/uploads\/2023\/09\/person-nothumb-80x80.png 80w\" sizes=\"(max-width: 100px) 100vw, 100px\" \/><\/div><div class=\"single-person-item__about\"><p class=\"fw-semibold has-medium-font-size\">Andres P\u00f5lendik<\/p><p class=\"single-person-item__position\">Labori juhataja<\/p><div class=\"contact-methods\"><p><a href=\"tel:+37253003819\" class=\"d-inline-flex flex-wrap align-items-center\"> +372 5300 3819<\/a><\/p><p><a href=\"mailto:andres.polendik@kmg.ee\" class=\"d-inline-flex flex-wrap align-items-center\">andres.polendik@kmg.ee<\/a><\/p><\/div><\/div><\/div><\/div><\/div><\/div>\n<\/div>\n","protected":false},"excerpt":{"rendered":"<p>KMG O\u00dc teostab teedeehitus materjalide laboratoorseid katsetusi. Pakume oma klientidele kiiret ja professionaalset teenust. Meil on pikaajaline laboratoorsete katsete teostamise&#8230;<\/p>\n","protected":false},"author":1,"featured_media":0,"parent":53,"menu_order":40,"comment_status":"closed","ping_status":"closed","template":"","meta":{"_acf_changed":false,"inline_featured_image":false,"footnotes":""},"class_list":["post-263","page","type-page","status-publish","hentry"],"acf":[],"_links":{"self":[{"href":"https:\/\/kmg.ee\/katenditood\/wp-json\/wp\/v2\/pages\/263","targetHints":{"allow":["GET"]}}],"collection":[{"href":"https:\/\/kmg.ee\/katenditood\/wp-json\/wp\/v2\/pages"}],"about":[{"href":"https:\/\/kmg.ee\/katenditood\/wp-json\/wp\/v2\/types\/page"}],"author":[{"embeddable":true,"href":"https:\/\/kmg.ee\/katenditood\/wp-json\/wp\/v2\/users\/1"}],"replies":[{"embeddable":true,"href":"https:\/\/kmg.ee\/katenditood\/wp-json\/wp\/v2\/comments?post=263"}],"version-history":[{"count":9,"href":"https:\/\/kmg.ee\/katenditood\/wp-json\/wp\/v2\/pages\/263\/revisions"}],"predecessor-version":[{"id":709,"href":"https:\/\/kmg.ee\/katenditood\/wp-json\/wp\/v2\/pages\/263\/revisions\/709"}],"up":[{"embeddable":true,"href":"https:\/\/kmg.ee\/katenditood\/wp-json\/wp\/v2\/pages\/53"}],"wp:attachment":[{"href":"https:\/\/kmg.ee\/katenditood\/wp-json\/wp\/v2\/media?parent=263"}],"curies":[{"name":"wp","href":"https:\/\/api.w.org\/{rel}","templated":true}]}}