{"id":259,"date":"2023-09-11T08:35:02","date_gmt":"2023-09-11T08:35:02","guid":{"rendered":"https:\/\/kmg.ee\/katenditood-uus\/?page_id=259"},"modified":"2025-10-15T06:58:39","modified_gmt":"2025-10-15T06:58:39","slug":"karjaarid","status":"publish","type":"page","link":"https:\/\/kmg.ee\/katenditood\/teenused\/karjaarid\/","title":{"rendered":"Karj\u00e4\u00e4rid"},"content":{"rendered":"\n<p class=\"wp-el\"><strong>O\u00dc KMG KAEVANDAB MAAVARA ALLJ\u00c4RGNEVATES KARJ\u00c4\u00c4RIDES:<\/strong><\/p>\n\n\n\n<div class=\"wp-block-columns is-layout-flex wp-container-core-columns-is-layout-28f84493 wp-block-columns-is-layout-flex\">\n<div class=\"wp-block-column is-layout-flow wp-block-column-is-layout-flow\" style=\"flex-basis:33.34%\">\n<p class=\"wp-el\"><strong>Harjumaa<\/strong><\/p>\n\n\n\n<ul class=\"wp-block-list wp-el\">\n<li>Kose vald, Karude III liivakarj\u00e4\u00e4r<\/li>\n\n\n\n<li>Kose vald, Karude V liivakarj\u00e4\u00e4r<\/li>\n\n\n\n<li>Kose vald, Punam\u00e4e kruusakarj\u00e4\u00e4r<\/li>\n<\/ul>\n\n\n\n<p class=\"wp-el\"><strong>Ida-Virumaa<\/strong><\/p>\n\n\n\n<p class=\"wp-el\">Toila vald, S\u00fcsin\u00f5mme II liivakarj\u00e4\u00e4r<\/p>\n<\/div>\n\n\n\n<div class=\"wp-block-column is-layout-flow wp-block-column-is-layout-flow\" style=\"flex-basis:35%\">\n<p class=\"wp-el\"><strong>L\u00e4\u00e4ne-Virumaa<\/strong><\/p>\n\n\n\n<ul class=\"wp-block-list wp-el\"><\/ul>\n\n\n\n<p class=\"wp-el\"><strong>P\u00e4rnumaa<\/strong><\/p>\n\n\n\n<ul class=\"wp-block-list wp-el\">\n<li>P\u00e4rnu linn, Kivinina kruusakarj\u00e4\u00e4r<\/li>\n\n\n\n<li>P\u00e4rnu linn, Kivinina II liivakarj\u00e4\u00e4r<\/li>\n\n\n\n<li>P\u00e4rnu linn, Kikepera II liivakarj\u00e4\u00e4r<\/li>\n\n\n\n<li>P\u00f5hja-P\u00e4rnumaa vald, Pitsalu liivakarj\u00e4\u00e4r<\/li>\n\n\n\n<li>Saarde vald, Riisselja kruusakarj\u00e4\u00e4r<\/li>\n<\/ul>\n\n\n\n<p class=\"wp-el\"><strong>Tartumaa<\/strong><\/p>\n\n\n\n<ul class=\"wp-block-list wp-el\">\n<li>Kastre vald, Vana-Kastre II kruusakarj\u00e4\u00e4r<\/li>\n<\/ul>\n<\/div>\n\n\n\n<div class=\"wp-block-column is-layout-flow wp-block-column-is-layout-flow\" style=\"flex-basis:25.4%\"><div class=\"ama-block block-person\"><div class=\"block__body\"><div class=\"single-person-item\"><div class=\"single-person-item__thumbnail\"><img decoding=\"async\" width=\"100\" height=\"100\" src=\"https:\/\/kmg.ee\/katenditood\/wp-content\/uploads\/2023\/09\/person-nothumb-100x100.png\" class=\"attachment-img-person size-img-person\" alt=\"\" srcset=\"https:\/\/kmg.ee\/katenditood\/wp-content\/uploads\/2023\/09\/person-nothumb-100x100.png 100w, https:\/\/kmg.ee\/katenditood\/wp-content\/uploads\/2023\/09\/person-nothumb-80x80.png 80w\" sizes=\"(max-width: 100px) 100vw, 100px\" \/><\/div><div class=\"single-person-item__about\"><p class=\"fw-semibold has-medium-font-size\">Kristjan Jassik<\/p><p class=\"single-person-item__position\">M\u00e4et\u00f6\u00f6de osakonna juht<\/p><div class=\"contact-methods\"><p><a href=\"tel:+3725101021\" class=\"d-inline-flex flex-wrap align-items-center\"> +372 5101021<\/a><\/p><p><a href=\"mailto:kristjan.jassik@kmg.ee\" class=\"d-inline-flex flex-wrap align-items-center\">kristjan.jassik@kmg.ee<\/a><\/p><\/div><\/div><\/div><\/div><\/div><\/div>\n<\/div>\n\n\n\n<p class=\"wp-el\"><\/p>\n\n\n<p><iframe loading=\"lazy\" src=\"https:\/\/www.google.com\/maps\/d\/embed?mid=1NwLqs7a22AhwjyEHnzEpV-wlfQDEu7s&#038;ehbc=2E312F\" width=\"100%\" height=\"600\"><\/iframe><\/p>\n","protected":false},"excerpt":{"rendered":"<p>O\u00dc KMG KAEVANDAB MAAVARA ALLJ\u00c4RGNEVATES KARJ\u00c4\u00c4RIDES: Harjumaa Ida-Virumaa Toila vald, S\u00fcsin\u00f5mme II liivakarj\u00e4\u00e4r L\u00e4\u00e4ne-Virumaa P\u00e4rnumaa Tartumaa<\/p>\n","protected":false},"author":1,"featured_media":0,"parent":53,"menu_order":30,"comment_status":"closed","ping_status":"closed","template":"","meta":{"_acf_changed":false,"inline_featured_image":false,"footnotes":""},"class_list":["post-259","page","type-page","status-publish","hentry"],"acf":[],"_links":{"self":[{"href":"https:\/\/kmg.ee\/katenditood\/wp-json\/wp\/v2\/pages\/259","targetHints":{"allow":["GET"]}}],"collection":[{"href":"https:\/\/kmg.ee\/katenditood\/wp-json\/wp\/v2\/pages"}],"about":[{"href":"https:\/\/kmg.ee\/katenditood\/wp-json\/wp\/v2\/types\/page"}],"author":[{"embeddable":true,"href":"https:\/\/kmg.ee\/katenditood\/wp-json\/wp\/v2\/users\/1"}],"replies":[{"embeddable":true,"href":"https:\/\/kmg.ee\/katenditood\/wp-json\/wp\/v2\/comments?post=259"}],"version-history":[{"count":17,"href":"https:\/\/kmg.ee\/katenditood\/wp-json\/wp\/v2\/pages\/259\/revisions"}],"predecessor-version":[{"id":778,"href":"https:\/\/kmg.ee\/katenditood\/wp-json\/wp\/v2\/pages\/259\/revisions\/778"}],"up":[{"embeddable":true,"href":"https:\/\/kmg.ee\/katenditood\/wp-json\/wp\/v2\/pages\/53"}],"wp:attachment":[{"href":"https:\/\/kmg.ee\/katenditood\/wp-json\/wp\/v2\/media?parent=259"}],"curies":[{"name":"wp","href":"https:\/\/api.w.org\/{rel}","templated":true}]}}