{"id":250,"date":"2023-09-11T08:32:02","date_gmt":"2023-09-11T08:32:02","guid":{"rendered":"https:\/\/kmg.ee\/katenditood-uus\/?page_id=250"},"modified":"2023-09-21T07:46:13","modified_gmt":"2023-09-21T07:46:13","slug":"freesimis-ja-stabiliseerimistood","status":"publish","type":"page","link":"https:\/\/kmg.ee\/katenditood\/teenused\/freesimis-ja-stabiliseerimistood\/","title":{"rendered":"Freesimis- ja stabiliseerimist\u00f6\u00f6d"},"content":{"rendered":"\n<div class=\"wp-block-columns is-layout-flex wp-container-core-columns-is-layout-28f84493 wp-block-columns-is-layout-flex\">\n<div class=\"wp-block-column is-layout-flow wp-block-column-is-layout-flow\" style=\"flex-basis:66.66%\">\n<h2 class=\"wp-block-heading wp-el\">FREESIMINE<\/h2>\n\n\n\n<p class=\"wp-el\">Asfaltkatte uuendamisel on \u00f5ige ja kuluefektiivne lahendus asfaldi k\u00fclmfreesimine.<br>Freesimist kasutatakse asfaltkatte defektide tasandamiseks ehk tasandusfreesimine v\u00f5i erineva s\u00fcgavusega asfaltkihtide eemaldamiseks kuni asfaltkihi t\u00e4ielikuks eemaldamiseks ehk s\u00fcvafreesimine.<br>Meetod on odav ning \u00fclesfreesitud asfalti saab keskkonnas\u00f5bralikult taaskasutada.<br>Freesimisel v\u00f5etakse arvesse asfaldi seisukorda, kliendi v\u00f5imalusi ja soovitud l\u00f5pptulemust.<\/p>\n\n\n\n<p class=\"wp-el\">Meie t\u00f6\u00f6laiused on 0,5m kuni 2,2m ja freesimise s\u00fcgavused 10mm kuni 330mm.<\/p>\n\n\n\n<h2 class=\"wp-block-heading wp-el\">STABILISEERIMINE<\/h2>\n\n\n\n<p class=\"wp-el\">Kui vana teekatte kasutusiga on l\u00f5ppenud ja sellega on kaasnenud oluline kandev\u00f5ime kaotus, tuleb enne uue asfaltkatte paigaldust tugevdada olemasolev aluskiht ja alles seej\u00e4rel uuendada asfaltkate.<br>Soodne ja keskkonnas\u00f5bralik tehnoloogia on aluskihtide tugevdamine sideainetega ehk stabiliseerimine. Stabiliseerimise k\u00e4igus lisatakse taaskasutatavale materjalile sideaineid, enamasti tsementi, mille tulemusel suureneb aluskihi koormustaluvus ja kasutusiga.<br>Segatud materjal planeeritakse, tihendatakse ja kastetakse optimaalse koguse veega, mille tulemusel segatav kiht hakkab juba paari tunniga tsementeeruma moodustades vett mitteimava kihi. Vee t\u00f5rjumise t\u00f5ttu muutub segatav kiht tugevaks ja jaotab koormust s\u00fcgavamatesse kihtidesse hajutatult ja \u00fchtlasemalt. Korralikult tugevdatud aluspinnase tulemusel saab v\u00e4hendada lisatavaid asfaltbetooni kihte, mis kokkuv\u00f5ttes m\u00f5jutab oluliselt ehituse maksumust.<\/p>\n\n\n\n<p class=\"wp-el\">Tsementstabiliseerimine sobib k\u00f5ikjale, kus on vaja kandev\u00f5imet t\u00f5sta, ka v\u00e4iksemate parklate ja sissep\u00e4\u00e4sude parandamiseks.<\/p>\n\n\n\n<p class=\"wp-el\">Peamine on segamismasina ligip\u00e4\u00e4setavus, sest 36t raskuse juures on masina laius 3,0m ja pikkus 9,3m.<br>Pakume stabilisaatorit Wirtgen WR 2500S, mis on v\u00f5imeline segama kuni 50cm s\u00fcgavuselt. Osutame t\u00e4islahendusi, vajadusel anname stabilisaatori ka rendile.<\/p>\n\n\n\n<p class=\"wp-el\">Meie professionaalne meeskond oskab alati leida kliendile parima ja soodsaima lahenduse.<\/p>\n<\/div>\n\n\n\n<div class=\"wp-block-column is-layout-flow wp-block-column-is-layout-flow\" style=\"flex-basis:33.33%\"><\/div>\n<\/div>\n","protected":false},"excerpt":{"rendered":"<p>FREESIMINE Asfaltkatte uuendamisel on \u00f5ige ja kuluefektiivne lahendus asfaldi k\u00fclmfreesimine.Freesimist kasutatakse asfaltkatte defektide tasandamiseks ehk tasandusfreesimine v\u00f5i erineva s\u00fcgavusega asfaltkihtide&#8230;<\/p>\n","protected":false},"author":1,"featured_media":0,"parent":53,"menu_order":20,"comment_status":"closed","ping_status":"closed","template":"","meta":{"_acf_changed":false,"inline_featured_image":false,"footnotes":""},"class_list":["post-250","page","type-page","status-publish","hentry"],"acf":[],"_links":{"self":[{"href":"https:\/\/kmg.ee\/katenditood\/wp-json\/wp\/v2\/pages\/250","targetHints":{"allow":["GET"]}}],"collection":[{"href":"https:\/\/kmg.ee\/katenditood\/wp-json\/wp\/v2\/pages"}],"about":[{"href":"https:\/\/kmg.ee\/katenditood\/wp-json\/wp\/v2\/types\/page"}],"author":[{"embeddable":true,"href":"https:\/\/kmg.ee\/katenditood\/wp-json\/wp\/v2\/users\/1"}],"replies":[{"embeddable":true,"href":"https:\/\/kmg.ee\/katenditood\/wp-json\/wp\/v2\/comments?post=250"}],"version-history":[{"count":8,"href":"https:\/\/kmg.ee\/katenditood\/wp-json\/wp\/v2\/pages\/250\/revisions"}],"predecessor-version":[{"id":565,"href":"https:\/\/kmg.ee\/katenditood\/wp-json\/wp\/v2\/pages\/250\/revisions\/565"}],"up":[{"embeddable":true,"href":"https:\/\/kmg.ee\/katenditood\/wp-json\/wp\/v2\/pages\/53"}],"wp:attachment":[{"href":"https:\/\/kmg.ee\/katenditood\/wp-json\/wp\/v2\/media?parent=250"}],"curies":[{"name":"wp","href":"https:\/\/api.w.org\/{rel}","templated":true}]}}