{"id":173,"date":"2023-09-11T07:10:19","date_gmt":"2023-09-11T07:10:19","guid":{"rendered":"https:\/\/kmg.ee\/katenditood-uus\/?page_id=173"},"modified":"2025-10-15T07:26:24","modified_gmt":"2025-10-15T07:26:24","slug":"asfalt","status":"publish","type":"page","link":"https:\/\/kmg.ee\/katenditood\/teenused\/asfalt\/","title":{"rendered":"Asfalt"},"content":{"rendered":"\n<div class=\"wp-block-columns is-layout-flex wp-container-core-columns-is-layout-28f84493 wp-block-columns-is-layout-flex\">\n<div class=\"wp-block-column is-layout-flow wp-block-column-is-layout-flow\" style=\"flex-basis:66.66%\">\n<p class=\"has-text-align-left wp-el\"><strong>ASFALTBETOONSEGUD \u2013 TOOTMINE JA PAIGALDAMINE<\/strong><br><br>Asfaltkate on teedele, t\u00e4navatele, parklatele ja mujale teekatteks \u00f5ige valik, kui klient eeldab kattelt sobivat ehitusmaksumust, piisavat kandev\u00f5imet, vastupidavust ja kerget hooldatavust.<br>Kogenud teedeehitusettev\u00f5ttena oskame klienti n\u00f5ustada, kuidas leida soodsaima hinnaga kliendi soove ja ootusi rahuldav lahendus.<\/p>\n\n\n\n<p class=\"wp-el\">Osapooli rahuldava l\u00f5pptulemuse saavutamiseks peab teadma, millised liiklusvahendid hakkavad liikuma v\u00f5i seisma konkreetsel kattel, kuidas seda katet puhastatakse ja millistele ilmastikum\u00f5jutustele see kate tulevikus allub. Olulised on ka aluspinna \u00f5iged omadused: kandev\u00f5ime, nihketugevus ja dreenimisv\u00f5ime.<\/p>\n\n\n\n<p class=\"wp-el\">Asfaltkate ehitatakse asfaltsegust. Asfaltsegu koostisosad v\u00f5ib jagada kaheks \u2013 kivimaterjal ja sideaine. Varieerides asfaltsegus erinevate omadustega kivimaterjali ja sideainet v\u00f5ib saada v\u00e4ga erinevate omadustega asfaltkatteid.<\/p>\n\n\n\n<p class=\"wp-el\"><strong>Valuasfalt<\/strong><\/p>\n\n\n\n<ul class=\"wp-block-list wp-el\">\n<li>Valuasfalt on vuugita, tihe, elastne ja kulumiskindel kattelahendus<\/li>\n\n\n\n<li>Valuasfalti v\u00f5ib kasutada alus-, vahe- kui ka kattekihi<\/li>\n\n\n\n<li>T\u00e4nu suurele sideaine hulgale, mis t\u00e4idab segu t\u00fchimikud, on valuasfalt oluliselt elastsem, vee- ja k\u00fclmakindlam, kui \u00fckski teine asfaltbetoon. Samas, v\u00f5rreldes tiheda asfaltbetoonkattega on tema kandev\u00f5ime suurema bituumeni sisalduse t\u00f5ttu v\u00e4iksem. Valuasfalt on valatav asfaltkate, mida ei ole vaja tihendada<\/li>\n<\/ul>\n\n\n\n<p class=\"wp-el\"><br><strong>Confalt<\/strong><\/p>\n\n\n\n<ul class=\"wp-block-list wp-el\">\n<li>Tugev, elastne ja vuukideta komposiit-pinnakate, milles on \u00fchendatud tsemendi ja elastne pinnakattelahendus<\/li>\n\n\n\n<li>Confalt sobib kasutamiseks suurtele koormustele vastupidavust n\u00f5udvatel objektidel, nagu lao- ja t\u00f6\u00f6stusp\u00f5randatel, terminalides, sadamaaladel ja parkimistasapindadel. Pinnakate on ilma vuukideta ning seda saab kasutada nii sise- kui v\u00e4listingimustes<\/li>\n\n\n\n<li>Erinevaid v\u00e4rvivariante saadakse v\u00e4rvilisest Confalt-pulbrist. Variandid on punane, sinine, roheline ja kollane<\/li>\n<\/ul>\n\n\n\n<p class=\"wp-el\"><br><strong>Rooparemix \u2013 soodne ja kiire remont<\/strong><br><br>Rooparemix on asfaltkatte kuumtaastamise taassegamis-meetod, mis v\u00f5imaldab parandada teekatteid piiratud kohtades \u00f6konoomselt ja kiirelt. Sobiv meetod asfaldiaukude lappimiseks, vuukide paranduseks, kulumisj\u00e4lgede (roobaste), v\u00f5rk- ja pikisuunaliste pragude paranduseks.<\/p>\n\n\n\n<p class=\"wp-el\">Rooparemixi-meetodil kasutatakse v\u00f5imalikult h\u00e4sti \u00e4ra vana kate. Vigastatud kattele lisatakse uus asfaldisegu ja vajadusel t\u00e4iendav sideaine. Rooparemixi t\u00f6\u00f6laius on 1 m v\u00f5i 1,25 m.<\/p>\n<\/div>\n\n\n\n<div class=\"wp-block-column is-layout-flow wp-block-column-is-layout-flow\" style=\"flex-basis:33.33%\"><div class=\"ama-block block-person\"><div class=\"block__body\"><div class=\"single-person-item\"><div class=\"single-person-item__thumbnail\"><img decoding=\"async\" width=\"100\" height=\"100\" src=\"https:\/\/kmg.ee\/katenditood\/wp-content\/uploads\/2023\/09\/person-nothumb-100x100.png\" class=\"attachment-img-person size-img-person\" alt=\"\" srcset=\"https:\/\/kmg.ee\/katenditood\/wp-content\/uploads\/2023\/09\/person-nothumb-100x100.png 100w, https:\/\/kmg.ee\/katenditood\/wp-content\/uploads\/2023\/09\/person-nothumb-80x80.png 80w\" sizes=\"(max-width: 100px) 100vw, 100px\" \/><\/div><div class=\"single-person-item__about\"><p class=\"fw-semibold has-medium-font-size\">Jaak T\u00e4nava<\/p><p class=\"single-person-item__position\">Katendi \u00fcksuse juht<\/p><div class=\"contact-methods\"><p><a href=\"tel:+37258161266\" class=\"d-inline-flex flex-wrap align-items-center\"> +372 5816 1266<\/a><\/p><p><a href=\"mailto:jaak.tanava@kmg.ee\" class=\"d-inline-flex flex-wrap align-items-center\">jaak.tanava@kmg.ee<\/a><\/p><\/div><\/div><\/div><\/div><\/div><\/div>\n<\/div>\n","protected":false},"excerpt":{"rendered":"<p>ASFALTBETOONSEGUD \u2013 TOOTMINE JA PAIGALDAMINE Asfaltkate on teedele, t\u00e4navatele, parklatele ja mujale teekatteks \u00f5ige valik, kui klient eeldab kattelt sobivat&#8230;<\/p>\n","protected":false},"author":1,"featured_media":394,"parent":53,"menu_order":10,"comment_status":"closed","ping_status":"closed","template":"","meta":{"_acf_changed":false,"inline_featured_image":false,"footnotes":""},"class_list":["post-173","page","type-page","status-publish","has-post-thumbnail","hentry"],"acf":[],"_links":{"self":[{"href":"https:\/\/kmg.ee\/katenditood\/wp-json\/wp\/v2\/pages\/173","targetHints":{"allow":["GET"]}}],"collection":[{"href":"https:\/\/kmg.ee\/katenditood\/wp-json\/wp\/v2\/pages"}],"about":[{"href":"https:\/\/kmg.ee\/katenditood\/wp-json\/wp\/v2\/types\/page"}],"author":[{"embeddable":true,"href":"https:\/\/kmg.ee\/katenditood\/wp-json\/wp\/v2\/users\/1"}],"replies":[{"embeddable":true,"href":"https:\/\/kmg.ee\/katenditood\/wp-json\/wp\/v2\/comments?post=173"}],"version-history":[{"count":8,"href":"https:\/\/kmg.ee\/katenditood\/wp-json\/wp\/v2\/pages\/173\/revisions"}],"predecessor-version":[{"id":781,"href":"https:\/\/kmg.ee\/katenditood\/wp-json\/wp\/v2\/pages\/173\/revisions\/781"}],"up":[{"embeddable":true,"href":"https:\/\/kmg.ee\/katenditood\/wp-json\/wp\/v2\/pages\/53"}],"wp:featuredmedia":[{"embeddable":true,"href":"https:\/\/kmg.ee\/katenditood\/wp-json\/wp\/v2\/media\/394"}],"wp:attachment":[{"href":"https:\/\/kmg.ee\/katenditood\/wp-json\/wp\/v2\/media?parent=173"}],"curies":[{"name":"wp","href":"https:\/\/api.w.org\/{rel}","templated":true}]}}